{"id":740,"date":"2020-11-20T03:24:07","date_gmt":"2020-11-20T03:24:07","guid":{"rendered":"http:\/\/politefjrz.com\/index.php\/pricing-faq\/"},"modified":"2023-05-16T21:31:41","modified_gmt":"2023-05-16T21:31:41","slug":"liceing","status":"publish","type":"page","link":"https:\/\/politefjrz.com\/index.php\/liceing\/","title":{"rendered":"Licenciatura e Ingenier\u00eda"},"content":{"rendered":"\n\n\t\t\t\t\t\t\t\t\n\t\t\t\t\t\t\t\t\t\t<a href=\"\" title=\"Licenciatura en Derecho\" target=\"_self\" rel=\"noopener\">Licenciatura en Derecho<\/a>\n\t\t\t\t\t\t\t\t\n\t\t\t\t\t\t\t\t\t\t<a href=\"\" title=\"Licenciatura en Administraci\u00f3n\" target=\"_self\" rel=\"noopener\">Licenciatura en Administraci\u00f3n<\/a>\n\t\t\t\t\t\t\t\t\n\t\t\t\t\t\t\t\t\t\t<a href=\"\" title=\"Ingenieria en Electrom\u00e9canica\" target=\"_self\" rel=\"noopener\">Ingenieria en Electrom\u00e9canica<\/a>\n\t\t\t\t\t\t\t\t\n\t\t\t\t\t\t\t\t\t\t<a href=\"\" title=\"Licenciatura en Criminolog\u00eda\" target=\"_self\" rel=\"noopener\">Licenciatura en Criminolog\u00eda<\/a>\n\t<h6>\n\t\t\t\t\tCONOCE NUESTRA\n\t\t\t\t<\/h6>\n\t<h2>\n\t\t\t\t\tOFERTA ACADEMICA \n\t\t\t\t<\/h2>\n\t<p><a href=\"https:\/\/politefjrz.com\/wp-content\/uploads\/2022\/04\/administracion-mapa-de-materias.pdf\">MAPA CURRICULAR ADMINISTRACI\u00d3N<\/a><\/p>\n<p><a href=\"https:\/\/politefjrz.com\/wp-content\/uploads\/2022\/04\/Mapa-Curricular-criminologia.pdf\">MAPA CURRICULAR CRIMINOLOG\u00cdA <\/a><\/p>\n<p><a href=\"https:\/\/politefjrz.com\/wp-content\/uploads\/2022\/04\/Mapa-curricular-Electromecanica.pdf\">MAPA CURRICULAR ELECTROMEC\u00c1NICA <\/a><\/p>\n\t<h6>\n\t\t\t\t\tVen y forma \n\t\t\t\t<\/h6>\n\t<h2>\n\t\t\t\t\tParte de nuestra comunidad #POLITEF\n\t\t\t\t<\/h2>\n\t<p>En 3 a\u00f1os concluyes tu formaci\u00f3n en Licenciatura o Ingenier\u00eda ven solo los s\u00e1bados y trabajos en linea en nuestra plataforma.<\/p>\n\t\t\t\t\t\t\t\t\n\t\t\t\t\t\t\t\t\n\t\t\t\t\t\t\t\t\n\t\t\t\t\t\t\t\t\n\t\t\t\t\t\t\t\t\n\t\t\t\t\t\t\t\t\n\t\t\t\t\t\t\t\t\n\t\t\t\t\t\t\t\t\n\t\t\t\t\t\t\t\t\n\t\t\t\t\t\t\t\t\n\t\t\t\t\t\t\t\t\n\t\t\t\t\t\t\t\t\n\t\t\t\t\t\t\t\t\n\t\t\t\t\t\t\t\t\n\t\t\t\t\t\t\t\t\n\t\t\t\t\t\t\t\t\n\t\t\t\t\t\t\t\t\n\t\t\t\t\t\t\t\t\n\t\t\t\t\t\t\t\t\n\t<h2>\n\t\t\t\t\tComunicate con Nosotros\n\t\t\t\t<\/h2>\n\t\t\t<p>Ingresa tu correo para nuestras promociones<\/p>\n\t<div class=\"wpforms-container \" id=\"wpforms-4\"><form id=\"wpforms-form-4\" class=\"wpforms-validate wpforms-form\" data-formid=\"4\" method=\"post\" enctype=\"multipart\/form-data\" action=\"\/index.php\/wp-json\/wp\/v2\/pages\/740\" data-token=\"8d4486c8c1b54017373f17852bec6e00\"><noscript class=\"wpforms-error-noscript\">Por favor, activa JavaScript en tu navegador para completar este formulario.<\/noscript><div class=\"wpforms-field-container\"><div id=\"wpforms-4-field_1-container\" class=\"wpforms-field wpforms-field-email wpforms-two-thirds wpforms-first\" data-field-id=\"1\"><label class=\"wpforms-field-label wpforms-label-hide\" for=\"wpforms-4-field_1\">Email <span class=\"wpforms-required-label\">*<\/span><\/label><input type=\"email\" id=\"wpforms-4-field_1\" class=\"wpforms-field-large wpforms-field-required\" name=\"wpforms[fields][1]\" placeholder=\"Ingresa tu Correo\" spellcheck=\"false\" required><\/div><\/div><!-- .wpforms-field-container --><div class=\"wpforms-submit-container\" ><input type=\"hidden\" name=\"wpforms[id]\" value=\"4\"><input type=\"hidden\" name=\"wpforms[author]\" value=\"1\"><button type=\"submit\" name=\"wpforms[submit]\" id=\"wpforms-submit-4\" class=\"wpforms-submit wpforms-one-thirds wpforms-third\" data-alt-text=\"Sending...\" data-submit-text=\"CONTACTANOS\" aria-live=\"assertive\" value=\"wpforms-submit\">CONTACTANOS<\/button><\/div><\/form><\/div>  <!-- .wpforms-container -->\t\n\n","protected":false},"excerpt":{"rendered":"<p>Licenciatura en Derecho Licenciatura en Administraci\u00f3n Ingenieria en Electrom\u00e9canica Licenciatura en Criminolog\u00eda CONOCE NUESTRA OFERTA ACADEMICA MAPA CURRICULAR ADMINISTRACI\u00d3N MAPA CURRICULAR CRIMINOLOG\u00cdA MAPA CURRICULAR ELECTROMEC\u00c1NICA Ven y forma Parte de nuestra comunidad #POLITEF En 3 a\u00f1os concluyes tu formaci\u00f3n en Licenciatura o Ingenier\u00eda ven solo los s\u00e1bados y trabajos en linea en nuestra plataforma. Comunicate &hellip; <\/p>\n<p class=\"link-more\"><a href=\"https:\/\/politefjrz.com\/index.php\/liceing\/\" class=\"more-link\">Leer m\u00e1s<span class=\"screen-reader-text\"> \u00abLicenciatura e Ingenier\u00eda\u00bb<\/span><\/a><\/p>\n","protected":false},"author":1,"featured_media":0,"parent":0,"menu_order":0,"comment_status":"closed","ping_status":"closed","template":"","meta":{"footnotes":""},"class_list":["post-740","page","type-page","status-publish","hentry"],"_links":{"self":[{"href":"https:\/\/politefjrz.com\/index.php\/wp-json\/wp\/v2\/pages\/740","targetHints":{"allow":["GET"]}}],"collection":[{"href":"https:\/\/politefjrz.com\/index.php\/wp-json\/wp\/v2\/pages"}],"about":[{"href":"https:\/\/politefjrz.com\/index.php\/wp-json\/wp\/v2\/types\/page"}],"author":[{"embeddable":true,"href":"https:\/\/politefjrz.com\/index.php\/wp-json\/wp\/v2\/users\/1"}],"replies":[{"embeddable":true,"href":"https:\/\/politefjrz.com\/index.php\/wp-json\/wp\/v2\/comments?post=740"}],"version-history":[{"count":24,"href":"https:\/\/politefjrz.com\/index.php\/wp-json\/wp\/v2\/pages\/740\/revisions"}],"predecessor-version":[{"id":1476,"href":"https:\/\/politefjrz.com\/index.php\/wp-json\/wp\/v2\/pages\/740\/revisions\/1476"}],"wp:attachment":[{"href":"https:\/\/politefjrz.com\/index.php\/wp-json\/wp\/v2\/media?parent=740"}],"curies":[{"name":"wp","href":"https:\/\/api.w.org\/{rel}","templated":true}]}}