{"id":738,"date":"2020-11-20T03:24:07","date_gmt":"2020-11-20T03:24:07","guid":{"rendered":"http:\/\/politefjrz.com\/index.php\/about-us\/"},"modified":"2022-04-26T16:02:51","modified_gmt":"2022-04-26T16:02:51","slug":"ingles","status":"publish","type":"page","link":"https:\/\/politefjrz.com\/index.php\/ingles\/","title":{"rendered":"Escuela de Ingles"},"content":{"rendered":"\n<h1>\n\t\tAprende el idioma que te conecta con el mundo.\n\t<\/h1>\n\t<p><strong>El idioma ingles se a vuelto tan indispensable que nosotros pensamos en darles las herramientas para que aprendan ingles.<\/strong><\/p>\n\t\t\t<a href=\"https:\/\/wa.me\/+526561447284\" target=\"_self\" role=\"button\" rel=\"noopener\">\n\t\t\t\t\t\t\tClic para mas Informacion\n\t\t\t<\/a>\n<h2>\n\t\t\u00bfQue Aprender\u00e1s?\n\t<\/h2>\n\t<p>Aprender\u00e1s palabras, Pronunciaci\u00f3n, Frases, las cuales te ayudaran a entablar una conversaci\u00f3n.<\/p>\n\t<p>Ya sabr\u00e1s a comunicarte con otra persona, con practica se lograr\u00e1 con \u00e9xito.<\/p>\n\t<p>Tendr\u00e1s una fluidez al hablar y comunicarte con los dem\u00e1s, estar\u00e1s preparado para poder hacer el examen TOEFL<\/p>\n\t<p>Aprender\u00e1s palabras t\u00e9cnicas dependiendo tu \u00e1mbito laboral ya sea salud, Industrial o empresarial, dominaras el Ingles T\u00e9cnico de tu rama.<\/p>\n<h2>\n\t\tWhat people say about it\n\t<\/h2>\n\t<p>Es una escuela que te da las opciones que necesitas, van mejorando. lo mejor de todo es que tienen una manera divertida de aprender ingles usan las computadoras para mostrarte y para que aprendas de una manera sencilla<\/p>\n\t\t\t\t<img decoding=\"async\" src=\"https:\/\/lite.demos.wpbeaverbuilder.com\/wp-content\/uploads\/sites\/28\/2020\/02\/photo-1558403194-611308249627-1-768x768-5.jpg\" alt=\"\" itemprop=\"image\" onerror=\"this.style.display='none'\"  \/>\n\t<strong>Alexa Fuentes<br \/>\n<\/strong>Estudiante\n\t<p>Con tantas herramientas que ofrecen es divertido aprender ingles.<\/p>\n\t\t\t\t<img decoding=\"async\" src=\"https:\/\/lite.demos.wpbeaverbuilder.com\/wp-content\/uploads\/sites\/28\/2020\/02\/photo-1552664730-d307ca884978-768x768-5.jpg\" alt=\"\" itemprop=\"image\" onerror=\"this.style.display='none'\"  \/>\n\t<strong>Guadalupe Rivera<br \/>\n<\/strong>Estudiante\n\n","protected":false},"excerpt":{"rendered":"<p>Aprende el idioma que te conecta con el mundo. El idioma ingles se a vuelto tan indispensable que nosotros pensamos en darles las herramientas para que aprendan ingles. Clic para mas Informacion \u00bfQue Aprender\u00e1s? Aprender\u00e1s palabras, Pronunciaci\u00f3n, Frases, las cuales te ayudaran a entablar una conversaci\u00f3n. Ya sabr\u00e1s a comunicarte con otra persona, con practica &hellip; <\/p>\n<p class=\"link-more\"><a href=\"https:\/\/politefjrz.com\/index.php\/ingles\/\" class=\"more-link\">Leer m\u00e1s<span class=\"screen-reader-text\"> \u00abEscuela de Ingles\u00bb<\/span><\/a><\/p>\n","protected":false},"author":1,"featured_media":0,"parent":0,"menu_order":0,"comment_status":"closed","ping_status":"closed","template":"","meta":{"footnotes":""},"class_list":["post-738","page","type-page","status-publish","hentry"],"_links":{"self":[{"href":"https:\/\/politefjrz.com\/index.php\/wp-json\/wp\/v2\/pages\/738","targetHints":{"allow":["GET"]}}],"collection":[{"href":"https:\/\/politefjrz.com\/index.php\/wp-json\/wp\/v2\/pages"}],"about":[{"href":"https:\/\/politefjrz.com\/index.php\/wp-json\/wp\/v2\/types\/page"}],"author":[{"embeddable":true,"href":"https:\/\/politefjrz.com\/index.php\/wp-json\/wp\/v2\/users\/1"}],"replies":[{"embeddable":true,"href":"https:\/\/politefjrz.com\/index.php\/wp-json\/wp\/v2\/comments?post=738"}],"version-history":[{"count":16,"href":"https:\/\/politefjrz.com\/index.php\/wp-json\/wp\/v2\/pages\/738\/revisions"}],"predecessor-version":[{"id":1374,"href":"https:\/\/politefjrz.com\/index.php\/wp-json\/wp\/v2\/pages\/738\/revisions\/1374"}],"wp:attachment":[{"href":"https:\/\/politefjrz.com\/index.php\/wp-json\/wp\/v2\/media?parent=738"}],"curies":[{"name":"wp","href":"https:\/\/api.w.org\/{rel}","templated":true}]}}