{"id":737,"date":"2020-11-20T03:24:07","date_gmt":"2020-11-20T03:24:07","guid":{"rendered":"http:\/\/politefjrz.com\/index.php\/all-courses\/"},"modified":"2022-04-30T19:41:59","modified_gmt":"2022-04-30T19:41:59","slug":"prepa-adultos","status":"publish","type":"page","link":"https:\/\/politefjrz.com\/index.php\/prepa-adultos\/","title":{"rendered":"Preparatoria Para Adultos"},"content":{"rendered":"\n\n\t<h1><strong>TERMINA TU PREPARATORIA EN 2 A\u00d1OS<\/strong><\/h1>\n<h2>\n\t\tNOCTURNO\n\t<\/h2>\n\t<p><strong>Termina tu preparatoria en 2 a\u00f1os, asistes a la escuela 3 d\u00edas a la semana \u00a0de 5pm a 8pm, obtener un diploma de formaci\u00f3n para el trabajo con Valor Curricular<\/strong><\/p>\n<h2>\n\t\tSABATINO\n\t<\/h2>\n\t<p><b>Termina la preparatoria con una Formaci\u00f3n para el trabajo en Contabilidad, asiste los s\u00e1bados a clases presenciales y trabaja entre semana en nuestra plataforma virtual\u00a0<\/b><\/p>\n<h2>\n\t\tCon Formaci\u00f3n para el Trabajo\n\t<\/h2>\n\t<p><i>Aprender\u00e1s<\/i><em>\u00a0a \u00a0Planificar, Organizar, Direccionar los recursos humanos, materia prima y econ\u00f3micos. Descubre el administrador que llevas dentro<\/em><\/p>\n\n","protected":false},"excerpt":{"rendered":"<p>TERMINA TU PREPARATORIA EN 2 A\u00d1OS NOCTURNO Termina tu preparatoria en 2 a\u00f1os, asistes a la escuela 3 d\u00edas a la semana \u00a0de 5pm a 8pm, obtener un diploma de formaci\u00f3n para el trabajo con Valor Curricular SABATINO Termina la preparatoria con una Formaci\u00f3n para el trabajo en Contabilidad, asiste los s\u00e1bados a clases presenciales &hellip; <\/p>\n<p class=\"link-more\"><a href=\"https:\/\/politefjrz.com\/index.php\/prepa-adultos\/\" class=\"more-link\">Leer m\u00e1s<span class=\"screen-reader-text\"> \u00abPreparatoria Para Adultos\u00bb<\/span><\/a><\/p>\n","protected":false},"author":1,"featured_media":0,"parent":0,"menu_order":0,"comment_status":"closed","ping_status":"closed","template":"","meta":{"footnotes":""},"class_list":["post-737","page","type-page","status-publish","hentry"],"_links":{"self":[{"href":"https:\/\/politefjrz.com\/index.php\/wp-json\/wp\/v2\/pages\/737","targetHints":{"allow":["GET"]}}],"collection":[{"href":"https:\/\/politefjrz.com\/index.php\/wp-json\/wp\/v2\/pages"}],"about":[{"href":"https:\/\/politefjrz.com\/index.php\/wp-json\/wp\/v2\/types\/page"}],"author":[{"embeddable":true,"href":"https:\/\/politefjrz.com\/index.php\/wp-json\/wp\/v2\/users\/1"}],"replies":[{"embeddable":true,"href":"https:\/\/politefjrz.com\/index.php\/wp-json\/wp\/v2\/comments?post=737"}],"version-history":[{"count":14,"href":"https:\/\/politefjrz.com\/index.php\/wp-json\/wp\/v2\/pages\/737\/revisions"}],"predecessor-version":[{"id":1451,"href":"https:\/\/politefjrz.com\/index.php\/wp-json\/wp\/v2\/pages\/737\/revisions\/1451"}],"wp:attachment":[{"href":"https:\/\/politefjrz.com\/index.php\/wp-json\/wp\/v2\/media?parent=737"}],"curies":[{"name":"wp","href":"https:\/\/api.w.org\/{rel}","templated":true}]}}