{"id":736,"date":"2020-11-20T03:24:07","date_gmt":"2020-11-20T03:24:07","guid":{"rendered":"http:\/\/politefjrz.com\/index.php\/home\/"},"modified":"2023-05-16T21:41:59","modified_gmt":"2023-05-16T21:41:59","slug":"home","status":"publish","type":"page","link":"https:\/\/politefjrz.com\/","title":{"rendered":"Inicio"},"content":{"rendered":"\n<p>El Polit\u00e9cnico de la Frontera (POLITEF) es la instituci\u00f3n educativa que te permite alcanzar tus metas profesionales, otorgando educaci\u00f3n de excelencia.<\/p>\n<p>Nuestro instituto cuenta con estudios en diferentes \u00e1reas a nivel t\u00e9cnico profesional y preparaci\u00f3n para el trabajo con validez oficial de la SEP en las \u00e1reas medicas, tecnol\u00f3gicas, econ\u00f3mico-administrativas, educaci\u00f3n, sociales, comunicaci\u00f3n y ling\u00fc\u00edstica, as\u00ed como cursos, diplomados y certificaciones.<\/p>\n\n\t\t\t\t<!-- Inline Block Space Fix\n\t\t\t\t\t\t\t\t\t\t\t\t\t\t\t\t\t\t\t\t\t\t\t\t-->\n\t\t\t\t\t\t\t\t\t<!-- Inline Block Space Fix\n\t\t\t\t\t\t\t\t\t\t\t\t\t\t\t\t--><!-- Inline Block Space Fix\n\t\t\t\t\t\t\t\t\t\t\t\t\t\t\t\t\t\t\t--><h3>Contamos con diferentes ofertas acad\u00e9micas<\/h3><!-- Inline Block Space Fix\n\t\t\t\t\t\t\t\t\t\t\t\t\t\t\t\t\t\t\t\t\t\t\t\t\t-->\n\t\t\t\t\t\t\t\t<p>Bachillerato, Enfermeria, Diplomado y Licenciatura e Ingenieria<\/p>\t\t\t\t\t\t\t<!-- Inline Block Space Fix\n\t\t\t\t\t\t\t\t\t\t\t--><!-- Inline Block Space Fix\n\t\t\t\t\t\t\t\t\t\t-->\n                    <!-- Inline Block Space Fix\n\t\t\t\t-->\n\t\t\t\t<!-- Overlay for Style 1 -->\n\t\t\t<!-- END .front -->\n\t\t\t\t\t\t\t\t\t<h3>Oferta<\/h3>\n\t\t\t\t\t\t<ul><li>Licenciatura e Ingenier\u00eda.<\/li><li>Bachillerato para todas las edades.<\/li><li>Enfermer\u00eda<\/li><li>Diplomados<\/li><li>Escuela de Ingl\u00e9s<\/li><\/ul>\t\t\t\t\t\n\t\t\t\t\t\t\t\t\t\t<a href=\"https:\/\/politefjrz.com\/index.php\/oferta-academica\/\" target=\"_self\" rel=\"noopener\">Mas Informaci\u00f3n<\/a>\t\t\t\t\n\n\t<h2>\n\t\t\t\t\t\u00bfPorque somos tu mejor opci\u00f3n?\n\t\t\t\t<\/h2>\n\t\t\t<p>Contamos con m\u00e1s de 40 a\u00f1os de experiencia formando profesionales, ademas contamos con personal docente con amplio conocimiento, talleres equipados y canchas deportivas para la recreaci\u00f3n del estudiante.<\/p>\n\t<h4>\n\t\t\t\t\tLos mejores en el \u00e1rea\n\t\t\t\t<\/h4>\n\t\t\t<p>D\u00eda a d\u00eda estamos capacitando a nuestros docentes para que las clases sean diferentes para que el alumno pueda tener una educaci\u00f3n y aprenda a ser autodidacta.<\/p>\n\t<h4>\n\t\t\t\t\tUna plataforma 24\/7\n\t\t\t\t<\/h4>\n\t\t\t<p>Una plataforma en la cual puede contactar a sus maestros y compa\u00f1eros para cualquier duda, material de estudio al alcance de sus manos.<\/p>\n\t<h4>\n\t\t\t\t\tDiplomas con valor curricular\n\t\t\t\t<\/h4>\n\t\t\t<p>El alumno obtendr\u00e1 un diploma con valor curricular de la formaci\u00f3n que haya cursado.<\/p>\n\t\t\t\t<img loading=\"lazy\" decoding=\"async\" src=\"https:\/\/politefjrz.com\/wp-content\/uploads\/2022\/04\/HASHTAG-POLITEF-300x42.png\" alt=\"HASHTAG POLITEF\" itemprop=\"image\" height=\"42\" width=\"300\" title=\"HASHTAG POLITEF\" onerror=\"this.style.display='none'\">\n","protected":false},"excerpt":{"rendered":"<p>El Polit\u00e9cnico de la Frontera (POLITEF) es la instituci\u00f3n educativa que te permite alcanzar tus metas profesionales, otorgando educaci\u00f3n de excelencia. Nuestro instituto cuenta con estudios en diferentes \u00e1reas a nivel t\u00e9cnico profesional y preparaci\u00f3n para el trabajo con validez oficial de la SEP en las \u00e1reas medicas, tecnol\u00f3gicas, econ\u00f3mico-administrativas, educaci\u00f3n, sociales, comunicaci\u00f3n y ling\u00fc\u00edstica, &hellip; <\/p>\n<p class=\"link-more\"><a href=\"https:\/\/politefjrz.com\/\" class=\"more-link\">Leer m\u00e1s<span class=\"screen-reader-text\"> \u00abInicio\u00bb<\/span><\/a><\/p>\n","protected":false},"author":1,"featured_media":0,"parent":0,"menu_order":0,"comment_status":"closed","ping_status":"closed","template":"","meta":{"footnotes":""},"class_list":["post-736","page","type-page","status-publish","hentry"],"_links":{"self":[{"href":"https:\/\/politefjrz.com\/index.php\/wp-json\/wp\/v2\/pages\/736","targetHints":{"allow":["GET"]}}],"collection":[{"href":"https:\/\/politefjrz.com\/index.php\/wp-json\/wp\/v2\/pages"}],"about":[{"href":"https:\/\/politefjrz.com\/index.php\/wp-json\/wp\/v2\/types\/page"}],"author":[{"embeddable":true,"href":"https:\/\/politefjrz.com\/index.php\/wp-json\/wp\/v2\/users\/1"}],"replies":[{"embeddable":true,"href":"https:\/\/politefjrz.com\/index.php\/wp-json\/wp\/v2\/comments?post=736"}],"version-history":[{"count":62,"href":"https:\/\/politefjrz.com\/index.php\/wp-json\/wp\/v2\/pages\/736\/revisions"}],"predecessor-version":[{"id":1399,"href":"https:\/\/politefjrz.com\/index.php\/wp-json\/wp\/v2\/pages\/736\/revisions\/1399"}],"wp:attachment":[{"href":"https:\/\/politefjrz.com\/index.php\/wp-json\/wp\/v2\/media?parent=736"}],"curies":[{"name":"wp","href":"https:\/\/api.w.org\/{rel}","templated":true}]}}