{"id":1404,"date":"2022-04-28T21:37:50","date_gmt":"2022-04-28T21:37:50","guid":{"rendered":"https:\/\/politefjrz.com\/?page_id=1404"},"modified":"2022-04-30T19:44:39","modified_gmt":"2022-04-30T19:44:39","slug":"enfermeria-industrial","status":"publish","type":"page","link":"https:\/\/politefjrz.com\/index.php\/enfermeria-industrial\/","title":{"rendered":"ENFERMER\u00cdA INDUSTRIAL"},"content":{"rendered":"\n\n\t<h1><strong>&#8220;Si salvas una vida eres un h\u00e9roe, pero si salvas 100 vidas eres un enfermer@&#8221;<\/strong><\/h1>\n\t<p>El diplomado en ENFERMER\u00cdA INDUSTRIAL esta desarrollado en 3 m\u00f3dulos dedicados a la <em>seguridad e higiene industrial<\/em>, <em>salud y organizaci\u00f3n y documentaci\u00f3n.<\/em><\/p>\n<p>&nbsp;<\/p>\n<p>&nbsp;<\/p>\n\t\t\t\t\t\t\t\t\n\t\t\t\t\t\t\t\t\n\t\t\t\t\t\t\t\t\n\t\t\t\n","protected":false},"excerpt":{"rendered":"<p>&#8220;Si salvas una vida eres un h\u00e9roe, pero si salvas 100 vidas eres un enfermer@&#8221; El diplomado en ENFERMER\u00cdA INDUSTRIAL esta desarrollado en 3 m\u00f3dulos dedicados a la seguridad e higiene industrial, salud y organizaci\u00f3n y documentaci\u00f3n. &nbsp; &nbsp;<\/p>\n","protected":false},"author":1,"featured_media":0,"parent":0,"menu_order":0,"comment_status":"closed","ping_status":"closed","template":"","meta":{"footnotes":""},"class_list":["post-1404","page","type-page","status-publish","hentry"],"_links":{"self":[{"href":"https:\/\/politefjrz.com\/index.php\/wp-json\/wp\/v2\/pages\/1404","targetHints":{"allow":["GET"]}}],"collection":[{"href":"https:\/\/politefjrz.com\/index.php\/wp-json\/wp\/v2\/pages"}],"about":[{"href":"https:\/\/politefjrz.com\/index.php\/wp-json\/wp\/v2\/types\/page"}],"author":[{"embeddable":true,"href":"https:\/\/politefjrz.com\/index.php\/wp-json\/wp\/v2\/users\/1"}],"replies":[{"embeddable":true,"href":"https:\/\/politefjrz.com\/index.php\/wp-json\/wp\/v2\/comments?post=1404"}],"version-history":[{"count":9,"href":"https:\/\/politefjrz.com\/index.php\/wp-json\/wp\/v2\/pages\/1404\/revisions"}],"predecessor-version":[{"id":1452,"href":"https:\/\/politefjrz.com\/index.php\/wp-json\/wp\/v2\/pages\/1404\/revisions\/1452"}],"wp:attachment":[{"href":"https:\/\/politefjrz.com\/index.php\/wp-json\/wp\/v2\/media?parent=1404"}],"curies":[{"name":"wp","href":"https:\/\/api.w.org\/{rel}","templated":true}]}}