{"id":1130,"date":"2021-07-28T16:27:13","date_gmt":"2021-07-28T16:27:13","guid":{"rendered":"https:\/\/politefjrz.com\/?page_id=1130"},"modified":"2022-04-29T20:53:52","modified_gmt":"2022-04-29T20:53:52","slug":"diplomados","status":"publish","type":"page","link":"https:\/\/politefjrz.com\/index.php\/diplomados\/","title":{"rendered":"Diplomados"},"content":{"rendered":"\n\n\t<p>&#8220;La excelencia se construye en base al conocimiento obtenido&#8221;<\/p>\n<p>Nuestra amplia selecci\u00f3n de diplomados forman parte de nuestra carrera por generar profesionistas de excelencia.<\/p>\n\t\t\t<a href=\"https:\/\/politefjrz.com\/?page_id=1404&#038;fl_builder\" target=\"_self\" role=\"button\" rel=\"noopener\">\n\t\t\t\t\t\t\tENFERMER\u00cdA INDUSTRIAL \n\t\t\t\t\t<\/a>\n\t\t\t<a href=\"https:\/\/politefjrz.com\/index.php\/electromecanica\/\" target=\"_self\" role=\"button\" rel=\"noopener\">\n\t\t\t\t\t\t\tELECTROMEC\u00c1NICA \n\t\t\t\t\t<\/a>\n\t\t\t<a href=\"https:\/\/politefjrz.com\/index.php\/2022\/04\/29\/ingles-comunicativo\/\" target=\"_self\" role=\"button\" rel=\"noopener\">\n\t\t\t\t\t\t\tINGL\u00c9S\n\t\t\t\t\t<\/a>\n\t\t\t<a href=\"https:\/\/politefjrz.com\/index.php\/2022\/04\/29\/tecnicas-periciales-y-practicas-forenses\/\" target=\"_self\" role=\"button\" rel=\"noopener\">\n\t\t\t\t\t\t\tT\u00c9CNICAS PERICIALES Y PR\u00c1CTICAS FORENSES \n\t\t\t\t\t<\/a>\n\n","protected":false},"excerpt":{"rendered":"<p>&#8220;La excelencia se construye en base al conocimiento obtenido&#8221; Nuestra amplia selecci\u00f3n de diplomados forman parte de nuestra carrera por generar profesionistas de excelencia. ENFERMER\u00cdA INDUSTRIAL ELECTROMEC\u00c1NICA INGL\u00c9S T\u00c9CNICAS PERICIALES Y PR\u00c1CTICAS FORENSES<\/p>\n","protected":false},"author":1,"featured_media":0,"parent":0,"menu_order":0,"comment_status":"closed","ping_status":"closed","template":"","meta":{"footnotes":""},"class_list":["post-1130","page","type-page","status-publish","hentry"],"_links":{"self":[{"href":"https:\/\/politefjrz.com\/index.php\/wp-json\/wp\/v2\/pages\/1130","targetHints":{"allow":["GET"]}}],"collection":[{"href":"https:\/\/politefjrz.com\/index.php\/wp-json\/wp\/v2\/pages"}],"about":[{"href":"https:\/\/politefjrz.com\/index.php\/wp-json\/wp\/v2\/types\/page"}],"author":[{"embeddable":true,"href":"https:\/\/politefjrz.com\/index.php\/wp-json\/wp\/v2\/users\/1"}],"replies":[{"embeddable":true,"href":"https:\/\/politefjrz.com\/index.php\/wp-json\/wp\/v2\/comments?post=1130"}],"version-history":[{"count":29,"href":"https:\/\/politefjrz.com\/index.php\/wp-json\/wp\/v2\/pages\/1130\/revisions"}],"predecessor-version":[{"id":1445,"href":"https:\/\/politefjrz.com\/index.php\/wp-json\/wp\/v2\/pages\/1130\/revisions\/1445"}],"wp:attachment":[{"href":"https:\/\/politefjrz.com\/index.php\/wp-json\/wp\/v2\/media?parent=1130"}],"curies":[{"name":"wp","href":"https:\/\/api.w.org\/{rel}","templated":true}]}}